{"id":2,"date":"2024-04-12T05:04:19","date_gmt":"2024-04-12T03:04:19","guid":{"rendered":"http:\/\/pour-la-defense-de-l-ecole-publique.fr\/?page_id=2"},"modified":"2024-05-05T08:45:51","modified_gmt":"2024-05-05T06:45:51","slug":"page-d-exemple","status":"publish","type":"page","link":"https:\/\/pour-la-defense-de-l-ecole-publique.fr\/","title":{"rendered":"R\u00e9union publique du 9 avril 2024"},"content":{"rendered":"\n<p>La Bourse du Travail<\/p>\n\n\n\n<div class=\"wp-block-group is-nowrap is-layout-flex wp-container-core-group-is-layout-1 wp-block-group-is-layout-flex\">\n<figure class=\"wp-block-image size-full is-resized\"><img loading=\"lazy\" decoding=\"async\" width=\"300\" height=\"298\" src=\"http:\/\/pour-la-defense-de-l-ecole-publique.fr\/wp-content\/uploads\/2024\/04\/LOGO-SNES-nvx-300x298-1.png\" alt=\"\" class=\"wp-image-19\" style=\"width:auto;height:100px\" srcset=\"https:\/\/pour-la-defense-de-l-ecole-publique.fr\/wp-content\/uploads\/2024\/04\/LOGO-SNES-nvx-300x298-1.png 300w, https:\/\/pour-la-defense-de-l-ecole-publique.fr\/wp-content\/uploads\/2024\/04\/LOGO-SNES-nvx-300x298-1-150x150.png 150w\" sizes=\"auto, (max-width: 300px) 100vw, 300px\" \/><\/figure>\n\n\n\n<figure class=\"wp-block-image size-full is-resized\"><img loading=\"lazy\" decoding=\"async\" width=\"1200\" height=\"1200\" src=\"http:\/\/pour-la-defense-de-l-ecole-publique.fr\/wp-content\/uploads\/2024\/04\/LOGO-SGEN.png\" alt=\"\" class=\"wp-image-18\" style=\"width:auto;height:100px\" srcset=\"https:\/\/pour-la-defense-de-l-ecole-publique.fr\/wp-content\/uploads\/2024\/04\/LOGO-SGEN.png 1200w, https:\/\/pour-la-defense-de-l-ecole-publique.fr\/wp-content\/uploads\/2024\/04\/LOGO-SGEN-300x300.png 300w, https:\/\/pour-la-defense-de-l-ecole-publique.fr\/wp-content\/uploads\/2024\/04\/LOGO-SGEN-1024x1024.png 1024w, https:\/\/pour-la-defense-de-l-ecole-publique.fr\/wp-content\/uploads\/2024\/04\/LOGO-SGEN-150x150.png 150w, https:\/\/pour-la-defense-de-l-ecole-publique.fr\/wp-content\/uploads\/2024\/04\/LOGO-SGEN-768x768.png 768w\" sizes=\"auto, (max-width: 1200px) 100vw, 1200px\" \/><\/figure>\n\n\n\n<figure class=\"wp-block-image size-full is-resized\"><img loading=\"lazy\" decoding=\"async\" width=\"1080\" height=\"1059\" src=\"http:\/\/pour-la-defense-de-l-ecole-publique.fr\/wp-content\/uploads\/2024\/04\/LOGO-FNEC-FO-13.jpg\" alt=\"\" class=\"wp-image-16\" style=\"width:auto;height:100px\" srcset=\"https:\/\/pour-la-defense-de-l-ecole-publique.fr\/wp-content\/uploads\/2024\/04\/LOGO-FNEC-FO-13.jpg 1080w, https:\/\/pour-la-defense-de-l-ecole-publique.fr\/wp-content\/uploads\/2024\/04\/LOGO-FNEC-FO-13-300x294.jpg 300w, https:\/\/pour-la-defense-de-l-ecole-publique.fr\/wp-content\/uploads\/2024\/04\/LOGO-FNEC-FO-13-1024x1004.jpg 1024w, https:\/\/pour-la-defense-de-l-ecole-publique.fr\/wp-content\/uploads\/2024\/04\/LOGO-FNEC-FO-13-768x753.jpg 768w\" sizes=\"auto, (max-width: 1080px) 100vw, 1080px\" \/><\/figure>\n<\/div>\n\n\n\n<div class=\"wp-block-group is-nowrap is-layout-flex wp-container-core-group-is-layout-2 wp-block-group-is-layout-flex\" style=\"padding-top:0;padding-bottom:0\">\n<figure class=\"wp-block-image size-full is-resized\"><img loading=\"lazy\" decoding=\"async\" width=\"170\" height=\"296\" src=\"http:\/\/pour-la-defense-de-l-ecole-publique.fr\/wp-content\/uploads\/2024\/04\/LOGO-CGT-EDUC-ACTION.jpg\" alt=\"\" class=\"wp-image-13\" style=\"width:auto;height:100px\"\/><\/figure>\n\n\n\n<figure class=\"wp-block-image size-full is-resized\"><img loading=\"lazy\" decoding=\"async\" width=\"980\" height=\"640\" src=\"http:\/\/pour-la-defense-de-l-ecole-publique.fr\/wp-content\/uploads\/2024\/04\/LOGO-SE-UNSA.jpg\" alt=\"\" class=\"wp-image-17\" style=\"width:153px;height:auto\" srcset=\"https:\/\/pour-la-defense-de-l-ecole-publique.fr\/wp-content\/uploads\/2024\/04\/LOGO-SE-UNSA.jpg 980w, https:\/\/pour-la-defense-de-l-ecole-publique.fr\/wp-content\/uploads\/2024\/04\/LOGO-SE-UNSA-300x196.jpg 300w, https:\/\/pour-la-defense-de-l-ecole-publique.fr\/wp-content\/uploads\/2024\/04\/LOGO-SE-UNSA-768x502.jpg 768w\" sizes=\"auto, (max-width: 980px) 100vw, 980px\" \/><\/figure>\n\n\n\n<figure class=\"wp-block-image size-full is-resized\"><img loading=\"lazy\" decoding=\"async\" width=\"2989\" height=\"2445\" src=\"http:\/\/pour-la-defense-de-l-ecole-publique.fr\/wp-content\/uploads\/2024\/05\/cnt_so_logo_site_web.png\" alt=\"\" class=\"wp-image-32\" style=\"object-fit:cover;width:153px;height:100px\" srcset=\"https:\/\/pour-la-defense-de-l-ecole-publique.fr\/wp-content\/uploads\/2024\/05\/cnt_so_logo_site_web.png 2989w, https:\/\/pour-la-defense-de-l-ecole-publique.fr\/wp-content\/uploads\/2024\/05\/cnt_so_logo_site_web-300x245.png 300w, https:\/\/pour-la-defense-de-l-ecole-publique.fr\/wp-content\/uploads\/2024\/05\/cnt_so_logo_site_web-1024x838.png 1024w, https:\/\/pour-la-defense-de-l-ecole-publique.fr\/wp-content\/uploads\/2024\/05\/cnt_so_logo_site_web-768x628.png 768w, https:\/\/pour-la-defense-de-l-ecole-publique.fr\/wp-content\/uploads\/2024\/05\/cnt_so_logo_site_web-1536x1256.png 1536w, https:\/\/pour-la-defense-de-l-ecole-publique.fr\/wp-content\/uploads\/2024\/05\/cnt_so_logo_site_web-2048x1675.png 2048w\" sizes=\"auto, (max-width: 2989px) 100vw, 2989px\" \/><\/figure>\n<\/div>\n\n\n\n<div class=\"wp-block-group is-nowrap is-layout-flex wp-container-core-group-is-layout-3 wp-block-group-is-layout-flex\">\n<figure class=\"wp-block-image size-full is-resized\"><img loading=\"lazy\" decoding=\"async\" width=\"397\" height=\"300\" src=\"http:\/\/pour-la-defense-de-l-ecole-publique.fr\/wp-content\/uploads\/2024\/04\/LOGO-FCPE.png\" alt=\"\" class=\"wp-image-15\" style=\"width:auto;height:100px\" srcset=\"https:\/\/pour-la-defense-de-l-ecole-publique.fr\/wp-content\/uploads\/2024\/04\/LOGO-FCPE.png 397w, https:\/\/pour-la-defense-de-l-ecole-publique.fr\/wp-content\/uploads\/2024\/04\/LOGO-FCPE-300x227.png 300w\" sizes=\"auto, (max-width: 397px) 100vw, 397px\" \/><\/figure>\n\n\n\n<figure class=\"wp-block-image size-full is-resized\"><img loading=\"lazy\" decoding=\"async\" width=\"1080\" height=\"1080\" src=\"http:\/\/pour-la-defense-de-l-ecole-publique.fr\/wp-content\/uploads\/2024\/04\/LOGO-SUD-EDUC-13.png\" alt=\"\" class=\"wp-image-12\" style=\"width:auto;height:100px\" srcset=\"https:\/\/pour-la-defense-de-l-ecole-publique.fr\/wp-content\/uploads\/2024\/04\/LOGO-SUD-EDUC-13.png 1080w, https:\/\/pour-la-defense-de-l-ecole-publique.fr\/wp-content\/uploads\/2024\/04\/LOGO-SUD-EDUC-13-300x300.png 300w, https:\/\/pour-la-defense-de-l-ecole-publique.fr\/wp-content\/uploads\/2024\/04\/LOGO-SUD-EDUC-13-1024x1024.png 1024w, https:\/\/pour-la-defense-de-l-ecole-publique.fr\/wp-content\/uploads\/2024\/04\/LOGO-SUD-EDUC-13-150x150.png 150w, https:\/\/pour-la-defense-de-l-ecole-publique.fr\/wp-content\/uploads\/2024\/04\/LOGO-SUD-EDUC-13-768x768.png 768w\" sizes=\"auto, (max-width: 1080px) 100vw, 1080px\" \/><\/figure>\n\n\n\n<figure class=\"wp-block-image size-full is-resized\"><img loading=\"lazy\" decoding=\"async\" width=\"1123\" height=\"1443\" src=\"http:\/\/pour-la-defense-de-l-ecole-publique.fr\/wp-content\/uploads\/2024\/04\/LOGO-SNUIPP.png\" alt=\"\" class=\"wp-image-11\" style=\"width:auto;height:100px\" srcset=\"https:\/\/pour-la-defense-de-l-ecole-publique.fr\/wp-content\/uploads\/2024\/04\/LOGO-SNUIPP.png 1123w, https:\/\/pour-la-defense-de-l-ecole-publique.fr\/wp-content\/uploads\/2024\/04\/LOGO-SNUIPP-233x300.png 233w, https:\/\/pour-la-defense-de-l-ecole-publique.fr\/wp-content\/uploads\/2024\/04\/LOGO-SNUIPP-797x1024.png 797w, https:\/\/pour-la-defense-de-l-ecole-publique.fr\/wp-content\/uploads\/2024\/04\/LOGO-SNUIPP-768x987.png 768w\" sizes=\"auto, (max-width: 1123px) 100vw, 1123px\" \/><\/figure>\n<\/div>\n\n\n\n<p>Les organisations ont ainsi pu pr\u00e9senter la situation : <\/p>\n\n\n\n<ul class=\"wp-block-list\">\n<li><strong>\u00c9cole \u00e0 un point de bascule<\/strong> [SNUipp FSU] : suppressions de postes, crise d&rsquo;attractivit\u00e9 concours, augmentation d\u00e9missions, coupes budg\u00e9taires, r\u00e9formes pass\u00e9es : parcours sup \/ fondamentaux au primaires et n\u00e9gation de la profession enseignante, voie pro, inclusion&#8230;<\/li>\n\n\n\n<li><strong>Focus sur la carte scolaire <\/strong>[FNE FP FO]<strong> : <\/strong>Exemple d&rsquo;\u00e9coles, de cas probl\u00e9matiques : des postes supprim\u00e9s, un impact diret dans les \u00e9coles (nombre \u00e9lev\u00e9 d&rsquo;\u00e9l\u00e8ves), heures de cours en moins dans le second degr\u00e9<\/li>\n\n\n\n<li><strong>Choc des savoirs et ses impacts<\/strong> [SNES FSU] : sur l&rsquo;\u00e9cole, ses personnels et les \u00e9l\u00e8ves ( enjeu de d\u00e9mocratisation scolaire et d&rsquo;\u00e9mancipation de l&rsquo;\u00e9cole publique), les groupes de niveaux, le tri des \u00e9l\u00e8ves\/h\u00e9t\u00e9rog\u00e9n\u00e9it\u00e9, ce que dit l&rsquo;OCDE, DNB barrage \u00e0 l&rsquo;entr\u00e9e en seconde<\/li>\n\n\n\n<li><strong>Probl\u00e8me du nombre \u00e9lev\u00e9 d&rsquo;\u00e9l\u00e8ves par classe \/ le non remplacement, les <\/strong><strong>moyens pour l&rsquo;\u00e9cole publique [FCPE] : <\/strong>MEG rapport Cour des comptes \/ Rapport sur les \u00e9coles priv\u00e9es<\/li>\n\n\n\n<li><strong>Cons\u00e9quences concr\u00e8tes sur les personnels <\/strong><strong>de l&rsquo;\u00e9ducation nationale&nbsp;<\/strong>[UNSA Education] : perte de la professionnalit\u00e9 enseignante, perte de sens, augmentation d\u00e9missions, droit TP<\/li>\n\n\n\n<li><strong>Une autre r\u00e9partition des richesses <\/strong>[SUD \u00c9ducation] : permettrait de financer les services publics dont celui de l&rsquo;\u00e9cole.<\/li>\n\n\n\n<li><strong>Dispositifs co\u00fbteux alors que l&rsquo;\u00e9cole publique manque de tout <\/strong>[CNT-SO] : Uniformes, SNU, attaques sur la jeunesse<\/li>\n\n\n\n<li><strong>Face \u00e0 cela, ce que l&rsquo;on d\u00e9fend <\/strong>[SGEN CFDT] <strong>:<\/strong> Salaires \/moyens \/ abandons r\u00e9formes<\/li>\n\n\n\n<li><strong>Campagnes en cours de l&rsquo;Intersyndicale <\/strong>[CGT Edu&rsquo;action]<strong> : P\u00e9titions \u00ab\u00a0Choc des Savoirs\u00a0\u00bb et \u00ab\u00a0\u00e9valuations nationales\u00a0\u00bb, tribune Collectif Riposte, Cahiers de dol\u00e9ances.<\/strong> Perspectives.<\/li>\n<\/ul>\n\n\n\n<figure class=\"wp-block-embed is-type-video is-provider-youtube wp-block-embed-youtube wp-embed-aspect-16-9 wp-has-aspect-ratio\"><div class=\"wp-block-embed__wrapper\">\n<iframe loading=\"lazy\" title=\"Pour la d\u00e9fense de l&#039;\u00e9cole publique - Rencontre publique - Mardi 9 avril 2024\" width=\"500\" height=\"281\" src=\"https:\/\/www.youtube.com\/embed\/sbEcKUH2CPc?feature=oembed\" frameborder=\"0\" allow=\"accelerometer; autoplay; clipboard-write; encrypted-media; gyroscope; picture-in-picture; web-share\" referrerpolicy=\"strict-origin-when-cross-origin\" allowfullscreen><\/iframe>\n<\/div><\/figure>\n","protected":false},"excerpt":{"rendered":"<p>La Bourse du Travail Les organisations ont ainsi pu pr\u00e9senter la situation :<\/p>\n","protected":false},"author":1,"featured_media":0,"parent":0,"menu_order":0,"comment_status":"closed","ping_status":"open","template":"","meta":{"footnotes":""},"class_list":["post-2","page","type-page","status-publish","hentry"],"_links":{"self":[{"href":"https:\/\/pour-la-defense-de-l-ecole-publique.fr\/index.php\/wp-json\/wp\/v2\/pages\/2","targetHints":{"allow":["GET"]}}],"collection":[{"href":"https:\/\/pour-la-defense-de-l-ecole-publique.fr\/index.php\/wp-json\/wp\/v2\/pages"}],"about":[{"href":"https:\/\/pour-la-defense-de-l-ecole-publique.fr\/index.php\/wp-json\/wp\/v2\/types\/page"}],"author":[{"embeddable":true,"href":"https:\/\/pour-la-defense-de-l-ecole-publique.fr\/index.php\/wp-json\/wp\/v2\/users\/1"}],"replies":[{"embeddable":true,"href":"https:\/\/pour-la-defense-de-l-ecole-publique.fr\/index.php\/wp-json\/wp\/v2\/comments?post=2"}],"version-history":[{"count":15,"href":"https:\/\/pour-la-defense-de-l-ecole-publique.fr\/index.php\/wp-json\/wp\/v2\/pages\/2\/revisions"}],"predecessor-version":[{"id":41,"href":"https:\/\/pour-la-defense-de-l-ecole-publique.fr\/index.php\/wp-json\/wp\/v2\/pages\/2\/revisions\/41"}],"wp:attachment":[{"href":"https:\/\/pour-la-defense-de-l-ecole-publique.fr\/index.php\/wp-json\/wp\/v2\/media?parent=2"}],"curies":[{"name":"wp","href":"https:\/\/api.w.org\/{rel}","templated":true}]}}